{"id":159,"date":"2026-03-13T12:40:27","date_gmt":"2026-03-13T12:40:27","guid":{"rendered":"https:\/\/www.klopstra-selection.com\/home-2\/"},"modified":"2026-04-09T15:22:37","modified_gmt":"2026-04-09T15:22:37","slug":"home-2","status":"publish","type":"page","link":"https:\/\/www.klopstra-selection.com\/de\/","title":{"rendered":"Home"},"content":{"rendered":"<div class='breakdance'><section id=\"home\" class=\"bde-section-159-105 bde-section\">\n              \n  \n  \n\t\n\n  <div class=\"section-background-overlay\"><\/div>\n\n\n<div class=\"section-container\"><div class=\"bde-image-159-161 bde-image\" data-parallax=\"true\">\n<figure class=\"breakdance-image breakdance-image--155\">\n\t<div class=\"breakdance-image-container\">\n\t\t<div class=\"breakdance-image-clip\"><img loading=\"lazy\" decoding=\"async\" class=\"breakdance-image-object\" src=\"https:\/\/www.klopstra-selection.com\/wp-content\/uploads\/2026\/03\/volvo-klopstra-selections.png\" width=\"1536\" height=\"1024\" srcset=\"https:\/\/www.klopstra-selection.com\/wp-content\/uploads\/2026\/03\/volvo-klopstra-selections.png 1536w, https:\/\/www.klopstra-selection.com\/wp-content\/uploads\/2026\/03\/volvo-klopstra-selections-300x200.png 300w, https:\/\/www.klopstra-selection.com\/wp-content\/uploads\/2026\/03\/volvo-klopstra-selections-1024x683.png 1024w, https:\/\/www.klopstra-selection.com\/wp-content\/uploads\/2026\/03\/volvo-klopstra-selections-768x512.png 768w\" sizes=\"auto, (max-width: 1536px) 100vw, 1536px\"><\/div>\n\t<\/div><\/figure>\n\n<\/div><div class=\"bde-div-159-162 bde-div\">\n              \n  \n  \n\t\n\n\n\n\n<\/div><div class=\"bde-columns-159-106 bde-columns\"><div class=\"bde-column-159-107 bde-column\">\n  \n  \n\t\n\n\n\n<div class=\"bde-div-159-112 bde-div\" data-entrance=\"slideLeft\">\n  \n  \n\t\n\n\n\n<h1 class=\"bde-heading-159-115 bde-heading\">\nIhr Partner f\u00fcr<br>Automobil-Einkauf &<br>Handelsrendite\n<\/h1>\n<\/div><div class=\"bde-div-159-114 bde-div\" data-entrance=\"slideLeft\">\n  \n  \n\t\n\n\n\n<div class=\"bde-div-159-128 bde-div\">\n  \n  \n\t\n\n\n\n<div class=\"bde-div-159-129 bde-div\">\n  \n  \n\t\n\n\n\n<div class=\"bde-text-159-116 bde-text\">\nKlopstra Selection ist spezialisiert auf den An- und Verkauf sorgf\u00e4ltig ausgew\u00e4hlter Fahrzeuge f\u00fcr Autoh\u00e4user, H\u00e4ndler und Vertragsh\u00e4ndler. Zuverl\u00e4ssig, transparent und schnell.\n<\/div>\n<\/div><div class=\"bde-button-159-117 bde-button\">\n    \n                                    \n    \n    \n    \n    \n            \n                    \n            \n            \n\n    \n    \n    \n    \n    \n    <a class=\"breakdance-link button-atom button-atom--primary bde-button__button\" href=\"#anmelden\" target=\"_self\" data-type=\"url\"  >\n\n    \n        <span class=\"button-atom__text\">Anmelden<\/span>\n\n        \n        \n                <\/a>\n\n    \n\n\n<\/div>\n<\/div>\n<\/div>\n<\/div><div class=\"bde-column-159-108 bde-column\">\n  \n  \n\t\n\n\n\n\n<\/div><\/div><\/div>\n<\/section><section id=\"uber-uns\" class=\"bde-section-159-118 bde-section\">\n              \n  \n  \n\t\n\n\n\n<div class=\"section-container\"><div class=\"bde-columns-159-120 bde-columns\" data-entrance=\"slideUp\"><div class=\"bde-column-159-121 bde-column\">\n  \n  \n\t\n\n\n\n<div class=\"bde-div-159-137 bde-div\">\n  \n  \n\t\n\n\n\n<h4 class=\"bde-heading-159-138 bde-heading\">\n\u00dcber Klopstra Selection\n<\/h4><h2 class=\"bde-heading-159-139 bde-heading\">\nSpezialisiert auf An- und Verkauf\n<\/h2><div class=\"bde-text-159-140 bde-text\">\nKlopstra Selection wurde von Gerrit Klopstra gegr\u00fcndet und verf\u00fcgt \u00fcber mehr als 25 Jahre Erfahrung in der Automobilbranche. Zuvor war Gerrit Inhaber von Auto Olijnsma, wo er sein Wissen und sein Netzwerk im Handel weiter ausbaute.\n<\/div>\n<\/div><img decoding=\"async\" class=\"bde-image2-159-123 bde-image2\" src=\"https:\/\/www.klopstra-selection.com\/wp-content\/uploads\/2026\/03\/klopstra-selection-gerrit-klopstra.jpg\" loading=\"lazy\" srcset=\"https:\/\/www.klopstra-selection.com\/wp-content\/uploads\/2026\/03\/klopstra-selection-gerrit-klopstra.jpg 1000w, https:\/\/www.klopstra-selection.com\/wp-content\/uploads\/2026\/03\/klopstra-selection-gerrit-klopstra-300x200.jpg 300w, https:\/\/www.klopstra-selection.com\/wp-content\/uploads\/2026\/03\/klopstra-selection-gerrit-klopstra-768x512.jpg 768w\" sizes=\"(max-width: 1000px) 100vw, 1000px\">\n<\/div><div class=\"bde-column-159-122 bde-column\">\n  \n  \n\t\n\n\n\n<div class=\"bde-div-159-130 bde-div\">\n  \n  \n\t\n\n\n\n<h4 class=\"bde-heading-159-125 bde-heading\">\n\u00dcber Klopstra Selection\n<\/h4><h2 class=\"bde-heading-159-127 bde-heading\">\nSpezialisiert auf An- und Verkauf\n<\/h2><div class=\"bde-text-159-124 bde-text\">\nKlopstra Selection wurde von Gerrit Klopstra gegr\u00fcndet und verf\u00fcgt \u00fcber mehr als 25 Jahre Erfahrung in der Automobilbranche. Zuvor war Gerrit Inhaber von Auto Olijnsma, wo er sein Wissen und sein Netzwerk im Handel weiter ausbaute.\n<\/div>\n<\/div><div class=\"bde-div-159-132 bde-div\">\n  \n  \n\t\n\n\n\n<div class=\"bde-text-159-131 bde-text\" data-entrance=\"slideUp\">\nWas als Leidenschaft f\u00fcr besondere Fahrzeuge begann, entwickelte sich zu einem zuverl\u00e4ssigen Gro\u00dfhandels- und Importpartner f\u00fcr Autoh\u00e4user im In- und Ausland.<br><br>Klopstra Selection kauft h\u00e4ufig komplette Fahrzeugpartien ein, wodurch die Einkaufspreise f\u00fcr Autoh\u00e4user sehr attraktiv sind. Der Aufbau eines eigenen Bestands kostet in der Regel viel Zeit und Ressourcen \u2013 Zeit, die Sie als Unternehmer besser in Ihre Kunden und Ihre Betriebsabl\u00e4ufe investieren k\u00f6nnen. Wir nehmen Ihnen diesen Prozess ab, damit Sie sich auf Wachstum und Rendite konzentrieren k\u00f6nnen.<br><br>Gerrit verbindet sein Wissen \u00fcber Marktwerte, Herkunft und Qualit\u00e4t mit einer bodenst\u00e4ndigen friesischen Handelsmentalit\u00e4t: Absprachen einhalten, klar kommunizieren und f\u00fcr seine Kunden Rendite erzielen.<br><br>Heute steht Klopstra Selection f\u00fcr pers\u00f6nlichen Service, transparente Einkaufsprozesse und eine langfristige Zusammenarbeit mit Autoh\u00e4usern und H\u00e4ndlern, die dieselbe Leidenschaft teilen.\n<\/div>\n<\/div><div class=\"bde-button-159-321 bde-button\">\n    \n                                    \n    \n    \n    \n    \n            \n                    \n            \n            \n\n    \n    \n    \n    \n    \n    <a class=\"breakdance-link button-atom button-atom--primary bde-button__button\" href=\"#anmelden\" target=\"_self\" data-type=\"url\"  >\n\n    \n        <span class=\"button-atom__text\">Anmelden<\/span>\n\n        \n        \n                <\/a>\n\n    \n\n\n<\/div>\n<\/div><\/div><\/div>\n<\/section><section id=\"services\" class=\"bde-section-159-323 bde-section\">\n              \n  \n  \n\t\n\n  <div class=\"section-background-overlay\"><\/div>\n\n\n<div class=\"section-container\"><div class=\"bde-image-159-324 bde-image\" data-parallax=\"true\">\n<figure class=\"breakdance-image breakdance-image--122\">\n\t<div class=\"breakdance-image-container\">\n\t\t<div class=\"breakdance-image-clip\"><img loading=\"lazy\" decoding=\"async\" class=\"breakdance-image-object\" src=\"https:\/\/www.klopstra-selection.com\/wp-content\/uploads\/2026\/03\/car-fleet-klopstra-selection.png\" width=\"1536\" height=\"1024\" srcset=\"https:\/\/www.klopstra-selection.com\/wp-content\/uploads\/2026\/03\/car-fleet-klopstra-selection.png 1536w, https:\/\/www.klopstra-selection.com\/wp-content\/uploads\/2026\/03\/car-fleet-klopstra-selection-300x200.png 300w, https:\/\/www.klopstra-selection.com\/wp-content\/uploads\/2026\/03\/car-fleet-klopstra-selection-1024x683.png 1024w, https:\/\/www.klopstra-selection.com\/wp-content\/uploads\/2026\/03\/car-fleet-klopstra-selection-768x512.png 768w\" sizes=\"auto, (max-width: 1536px) 100vw, 1536px\"><\/div>\n\t<\/div><\/figure>\n\n<\/div><div class=\"bde-div-159-325 bde-div\">\n              \n  \n  \n\t\n\n\n\n\n<\/div><div class=\"bde-columns-159-182 bde-columns\"><div class=\"bde-column-159-228 bde-column\">\n  \n  \n\t\n\n\n\n<div class=\"bde-text-159-180 bde-text\">\nDienstleistungen f\u00fcr Autoh\u00e4user\n<\/div><h1 class=\"bde-heading-159-198 bde-heading\">\nWir unterst\u00fctzen Autoh\u00e4user bei internationalem Sourcing, Gro\u00dfhandelseinkauf und dem Kommissionsverkauf hochwertiger Fahrzeuge. Klopstra Selection fungiert als zuverl\u00e4ssiger Partner in Ihrer Handelskette.\n<\/h1>\n<\/div><\/div><div class=\"bde-columns-159-317 bde-columns\"><div class=\"bde-column-159-318 bde-column\">\n  \n  \n\t\n\n\n\n<div class=\"bde-text-159-319 bde-text\">\nStarten Sie noch heute!\n<\/div><h3 class=\"bde-heading-159-320 bde-heading\">\nSo funktioniert es.\n<\/h3>\n<\/div><\/div><div class=\"bde-columns-159-263 bde-columns\"><div class=\"bde-column-159-264 bde-column\" data-entrance=\"slideLeft\">\n  \n  \n\t\n\n\n\n<div class=\"bde-text-159-265 bde-text\">\n01.\n<\/div><h3 class=\"bde-heading-159-266 bde-heading\">\nWir finden die richtigen Fahrzeuge f\u00fcr Sie.\n<\/h3><div class=\"bde-text-159-267 bde-text\">\nWir suchen kontinuierlich nach interessanten Fahrzeugen in unserem nationalen und internationalen Netzwerk.\n<\/div>\n<\/div><div class=\"bde-column-159-268 bde-column\" data-entrance=\"slideUp\">\n  \n  \n\t\n\n\n\n<div class=\"bde-text-159-269 bde-text\">\n03.\n<\/div><h3 class=\"bde-heading-159-274 bde-heading\">\nWir \u00fcbernehmen den kompletten Einkauf.\n<\/h3><div class=\"bde-text-159-275 bde-text\">\nVon der Verhandlung bis hin zu Transport und Lieferung \u00fcbernehmen wir den gesamten Einkaufsprozess.\n<\/div>\n<\/div><div class=\"bde-column-159-272 bde-column\" data-entrance=\"slideRight\">\n  \n  \n\t\n\n\n\n<div class=\"bde-text-159-273 bde-text\">\n02.\n<\/div><h3 class=\"bde-heading-159-270 bde-heading\">\nWir pr\u00fcfen und selektieren.\n<\/h3><div class=\"bde-text-159-271 bde-text\">\nJedes Fahrzeug wird sorgf\u00e4ltig hinsichtlich Wartungshistorie, aktuellem Zustand und Marktwert gepr\u00fcft.\n<\/div>\n<\/div><\/div><div class=\"bde-button-159-322 bde-button\">\n    \n                                    \n    \n    \n    \n    \n            \n                    \n            \n            \n\n    \n    \n    \n    \n    \n    <a class=\"breakdance-link button-atom button-atom--primary bde-button__button\" href=\"#anmelden\" target=\"_self\" data-type=\"url\"  >\n\n    \n        <span class=\"button-atom__text\">Anmelden<\/span>\n\n        \n        \n                <\/a>\n\n    \n\n\n<\/div><\/div>\n<\/section><section id=\"kontakt\" class=\"bde-section-159-276 bde-section\">\n              \n  \n  \n\t\n\n\n\n<div class=\"section-container\"><div class=\"bde-columns-159-277 bde-columns\"><div class=\"bde-column-159-278 bde-column\">\n  \n  \n\t\n\n\n\n<div class=\"bde-div-159-312 bde-div\">\n  \n  \n\t\n\n\n\n<h1 class=\"bde-heading-159-279 bde-heading\">\nKontakt\n<\/h1><div class=\"bde-text-159-280 bde-text\">\nSind Sie ein Autohaus und suchen einen zuverl\u00e4ssigen Handelspartner? Nehmen Sie Kontakt auf oder melden Sie sich f\u00fcr eine Zusammenarbeit an.\n<\/div><div class=\"bde-icon-list-159-281 bde-icon-list\">\n<ul>\n  \n              \n    <li>\n                      \n            \n            \n\n    \n    \n    \n    \n    \n    <a class=\"breakdance-link bde-icon-list__item-wrapper\" href=\"mailto:mail@gerritklopstra.nl\" target=\"_self\" data-type=\"url\"  >\n\n      \n      <span class='bde-icon-list__icon'>\n        <svg xmlns=\"http:\/\/www.w3.org\/2000\/svg\" viewBox=\"0 0 512 512\"><!--! Font Awesome Free 6.5.1 by @fontawesome - https:\/\/fontawesome.com License - https:\/\/fontawesome.com\/license\/free (Icons: CC BY 4.0, Fonts: SIL OFL 1.1, Code: MIT License) Copyright 2023 Fonticons, Inc. --><path d=\"M48 64C21.5 64 0 85.5 0 112c0 15.1 7.1 29.3 19.2 38.4L236.8 313.6c11.4 8.5 27 8.5 38.4 0L492.8 150.4c12.1-9.1 19.2-23.3 19.2-38.4c0-26.5-21.5-48-48-48H48zM0 176V384c0 35.3 28.7 64 64 64H448c35.3 0 64-28.7 64-64V176L294.4 339.2c-22.8 17.1-54 17.1-76.8 0L0 176z\"\/><\/svg>\n      <\/span>\n      <span class='bde-icon-list__text' >\n      mail@gerritklopstra.nl\n      <\/span>\n                  <\/a>\n\n      \n    <\/li>\n\n  \n              \n    <li>\n                      \n            \n            \n\n    \n    \n    \n    \n    \n    <a class=\"breakdance-link bde-icon-list__item-wrapper\" href=\"tel:+31622464737\" target=\"_self\" data-type=\"url\"  >\n\n      \n      <span class='bde-icon-list__icon'>\n        <svg xmlns=\"http:\/\/www.w3.org\/2000\/svg\" id=\"icon-phone\" viewBox=\"0 0 32 32\">\n<path d=\"M22 20c-2 2-2 4-4 4s-4-2-6-4-4-4-4-6 2-2 4-4-4-8-6-8-6 6-6 6c0 4 4.109 12.109 8 16s12 8 16 8c0 0 6-4 6-6s-6-8-8-6z\"\/>\n<\/svg>\n      <\/span>\n      <span class='bde-icon-list__text' >\n      +31 (0)6 22464737\n      <\/span>\n                  <\/a>\n\n      \n    <\/li>\n\n  <\/ul>\n\n<\/div><div class=\"bde-icon-list-159-315 bde-icon-list\">\n<ul>\n  \n              \n    <li>\n                      \n            \n            \n\n    \n    \n    \n    \n    \n    <a class=\"breakdance-link bde-icon-list__item-wrapper\" href=\"mailto:mail@gerritklopstra.nl\" target=\"_self\" data-type=\"url\"  >\n\n      \n      <span class='bde-icon-list__icon'>\n        <svg xmlns=\"http:\/\/www.w3.org\/2000\/svg\" viewBox=\"0 0 512 512\"><!--! Font Awesome Free 6.5.1 by @fontawesome - https:\/\/fontawesome.com License - https:\/\/fontawesome.com\/license\/free (Icons: CC BY 4.0, Fonts: SIL OFL 1.1, Code: MIT License) Copyright 2023 Fonticons, Inc. --><path d=\"M48 64C21.5 64 0 85.5 0 112c0 15.1 7.1 29.3 19.2 38.4L236.8 313.6c11.4 8.5 27 8.5 38.4 0L492.8 150.4c12.1-9.1 19.2-23.3 19.2-38.4c0-26.5-21.5-48-48-48H48zM0 176V384c0 35.3 28.7 64 64 64H448c35.3 0 64-28.7 64-64V176L294.4 339.2c-22.8 17.1-54 17.1-76.8 0L0 176z\"\/><\/svg>\n      <\/span>\n      <span class='bde-icon-list__text' >\n      mail@gerritklopstra.nl\n      <\/span>\n                  <\/a>\n\n      \n    <\/li>\n\n  \n              \n    <li>\n                      \n            \n            \n\n    \n    \n    \n    \n    \n    <a class=\"breakdance-link bde-icon-list__item-wrapper\" href=\"tel:+31622464737\" target=\"_self\" data-type=\"url\"  >\n\n      \n      <span class='bde-icon-list__icon'>\n        <svg xmlns=\"http:\/\/www.w3.org\/2000\/svg\" id=\"icon-phone\" viewBox=\"0 0 32 32\">\n<path d=\"M22 20c-2 2-2 4-4 4s-4-2-6-4-4-4-4-6 2-2 4-4-4-8-6-8-6 6-6 6c0 4 4.109 12.109 8 16s12 8 16 8c0 0 6-4 6-6s-6-8-8-6z\"\/>\n<\/svg>\n      <\/span>\n      <span class='bde-icon-list__text' >\n      +31 (0)6 22464737\n      <\/span>\n                  <\/a>\n\n      \n    <\/li>\n\n  <\/ul>\n\n<\/div>\n<\/div>\n<\/div><\/div><\/div>\n<\/section><section id=\"anmelden\" class=\"bde-section-159-282 bde-section\">\n              \n  \n  \n\t\n\n  <div class=\"section-background-overlay\"><\/div>\n\n\n<div class=\"section-container\"><div class=\"bde-columns-159-285 bde-columns\"><div class=\"bde-column-159-286 bde-column\">\n  \n  \n\t\n\n\n\n<div class=\"bde-div-159-310 bde-div\">\n  \n  \n\t\n\n\n\n<h1 class=\"bde-heading-159-288 bde-heading\">\nAls Handelspartner anmelden\n<\/h1><div class=\"bde-text-159-292 bde-text\">\nWerden Sie Teil des Netzwerks von Klopstra Selection. Erhalten Sie regelm\u00e4\u00dfig Informationen \u00fcber interessante Fahrzeugpartien, neue Best\u00e4nde und Einkaufsm\u00f6glichkeiten.\n<\/div>\n<\/div>\n<\/div><div class=\"bde-column-159-294 bde-column\">\n  \n  \n\t\n\n\n\n<div class=\"bde-div-159-308 bde-div\">\n  \n  \n\t\n\n\n\n<div class=\"bde-form-builder-159-309 bde-form-builder\">\n\n<form id=\"contact-form309\" class=\"breakdance-form breakdance-form--vertical\" data-options=\"{&quot;slug&quot;:&quot;custom&quot;,&quot;name&quot;:&quot;Contact Form&quot;,&quot;ajaxUrl&quot;:&quot;https:\\\/\\\/www.klopstra-selection.com\\\/wp-admin\\\/admin-ajax.php&quot;,&quot;clearOnSuccess&quot;:true,&quot;hideOnSuccess&quot;:false,&quot;successMessage&quot;:&quot;Your message has been received!&quot;,&quot;errorMessage&quot;:&quot;Something went wrong&quot;,&quot;redirect&quot;:false,&quot;redirectUrl&quot;:&quot;&quot;,&quot;customJavaScript&quot;:&quot;&quot;,&quot;recaptcha&quot;:{&quot;key&quot;:&quot;&quot;,&quot;enabled&quot;:false},&quot;honeypot_enabled&quot;:false,&quot;popupsOnSuccess&quot;:[],&quot;popupsOnError&quot;:[]}\" data-steps=\"0\" >\n  \n  \n  \n<div class=\"breakdance-form-field breakdance-form-field--text breakdance-form-field__hide-label\" >\n    \n    \n            <label class=\"breakdance-form-field__label\" for=\"Name\">\n            Naam<span class=\"breakdance-form-field__required\">*<\/span>\n        <\/label>\n    \n    <input\n    class=\"breakdance-form-field__input\"\n    id=\"Name\"\n    aria-describedby=\"Name\"\n    type=\"text\"\n    name=\"fields[Name]\"\n    placeholder=\"name\"\n    value=\"\"\n                \n        \n        \n    required\n    \n    \n    \n>\n\n\n    \n    \n<\/div>\n\n\n<div class=\"breakdance-form-field breakdance-form-field--email breakdance-form-field__hide-label\" >\n    \n    \n            <label class=\"breakdance-form-field__label\" for=\"email\">\n            E-mail<span class=\"breakdance-form-field__required\">*<\/span>\n        <\/label>\n    \n    <input\n    class=\"breakdance-form-field__input\"\n    id=\"email\"\n    aria-describedby=\"email\"\n    type=\"email\"\n    name=\"fields[email]\"\n    placeholder=\"E-mail\"\n    value=\"\"\n                \n        \n        \n    required\n    \n    \n    \n>\n\n\n    \n    \n<\/div>\n\n\n<div class=\"breakdance-form-field breakdance-form-field--tel breakdance-form-field__hide-label\" >\n    \n    \n            <label class=\"breakdance-form-field__label\" for=\"nhfcic\">\n            Telefoonnummer<span class=\"breakdance-form-field__required\">*<\/span>\n        <\/label>\n    \n    <input\n    class=\"breakdance-form-field__input\"\n    id=\"nhfcic\"\n    aria-describedby=\"nhfcic\"\n    type=\"tel\"\n    name=\"fields[nhfcic]\"\n    placeholder=\"Telefonnummer\"\n    value=\"\"\n                \n        \n        \n    required\n    \n    \n    \n>\n\n\n    \n    \n<\/div>\n\n\n  \n\n<div class=\"breakdance-form-field breakdance-form-footer\">\n    \n    \n                                    \n    \n    \n    \n    \n            \n            <button type=\"submit\" class=\"button-atom button-atom--primary breakdance-form-button breakdance-form-button__submit\"  >\n    \n        <span class=\"button-atom__text\">Absenden<\/span>\n\n        \n        \n            <\/button>\n    \n    <input type=\"hidden\" name=\"form_id\" value=\"309\">\n    <input type=\"hidden\" name=\"post_id\" value=\"159\">\n<\/div>\n\n  \n<\/form>\n\n\n<\/div>\n<\/div>\n<\/div><\/div><\/div>\n<\/section><\/div>","protected":false},"excerpt":{"rendered":"<p>Ihr Partner f\u00fcrAutomobil-Einkauf &#038;Handelsrendite Klopstra Selection ist spezialisiert auf den An- und Verkauf sorgf\u00e4ltig ausgew\u00e4hlter Fahrzeuge f\u00fcr Autoh\u00e4user, H\u00e4ndler und Vertragsh\u00e4ndler. Zuverl\u00e4ssig, transparent und schnell. Anmelden \u00dcber Klopstra Selection Spezialisiert auf An- und Verkauf Klopstra Selection wurde von Gerrit Klopstra gegr\u00fcndet und verf\u00fcgt \u00fcber mehr als 25 Jahre Erfahrung in der Automobilbranche. Zuvor war Gerrit [&hellip;]<\/p>\n","protected":false},"author":1,"featured_media":0,"parent":0,"menu_order":0,"comment_status":"closed","ping_status":"closed","template":"","meta":{"_breakdance_hide_in_design_set":false,"_breakdance_tags":"","footnotes":""},"class_list":["post-159","page","type-page","status-publish","hentry"],"_links":{"self":[{"href":"https:\/\/www.klopstra-selection.com\/de\/wp-json\/wp\/v2\/pages\/159","targetHints":{"allow":["GET"]}}],"collection":[{"href":"https:\/\/www.klopstra-selection.com\/de\/wp-json\/wp\/v2\/pages"}],"about":[{"href":"https:\/\/www.klopstra-selection.com\/de\/wp-json\/wp\/v2\/types\/page"}],"author":[{"embeddable":true,"href":"https:\/\/www.klopstra-selection.com\/de\/wp-json\/wp\/v2\/users\/1"}],"replies":[{"embeddable":true,"href":"https:\/\/www.klopstra-selection.com\/de\/wp-json\/wp\/v2\/comments?post=159"}],"version-history":[{"count":31,"href":"https:\/\/www.klopstra-selection.com\/de\/wp-json\/wp\/v2\/pages\/159\/revisions"}],"predecessor-version":[{"id":253,"href":"https:\/\/www.klopstra-selection.com\/de\/wp-json\/wp\/v2\/pages\/159\/revisions\/253"}],"wp:attachment":[{"href":"https:\/\/www.klopstra-selection.com\/de\/wp-json\/wp\/v2\/media?parent=159"}],"curies":[{"name":"wp","href":"https:\/\/api.w.org\/{rel}","templated":true}]}}